{"id":769,"date":"2023-03-02T20:09:29","date_gmt":"2023-03-02T20:09:29","guid":{"rendered":"https:\/\/neurosport.club\/?page_id=769"},"modified":"2023-10-16T15:09:13","modified_gmt":"2023-10-16T15:09:13","slug":"elementor-769","status":"publish","type":"page","link":"https:\/\/neurosport.club\/index.php\/elementor-769\/","title":{"rendered":"Quienes somos"},"content":{"rendered":"\t\t<div data-elementor-type=\"wp-page\" data-elementor-id=\"769\" class=\"elementor elementor-769\">\n\t\t\t\t\t\t\t\t\t<section class=\"elementor-section elementor-top-section elementor-element elementor-element-c6a4872 elementor-section-boxed elementor-section-height-default elementor-section-height-default\" data-id=\"c6a4872\" data-element_type=\"section\" data-settings=\"{&quot;background_background&quot;:&quot;gradient&quot;,&quot;shape_divider_top&quot;:&quot;tilt&quot;}\">\n\t\t\t\t\t<div class=\"elementor-shape elementor-shape-top\" data-negative=\"false\">\n\t\t\t<svg xmlns=\"http:\/\/www.w3.org\/2000\/svg\" viewBox=\"0 0 1000 100\" preserveAspectRatio=\"none\">\n\t<path class=\"elementor-shape-fill\" d=\"M0,6V0h1000v100L0,6z\"\/>\n<\/svg>\t\t<\/div>\n\t\t\t\t\t<div class=\"elementor-container elementor-column-gap-default\">\n\t\t\t\t\t<div class=\"elementor-column elementor-col-100 elementor-top-column elementor-element elementor-element-082bb71\" data-id=\"082bb71\" data-element_type=\"column\">\n\t\t\t<div class=\"elementor-widget-wrap elementor-element-populated\">\n\t\t\t\t\t\t\t\t<div class=\"elementor-element elementor-element-63d4fd9 elementor-widget elementor-widget-heading\" data-id=\"63d4fd9\" data-element_type=\"widget\" data-widget_type=\"heading.default\">\n\t\t\t\t<div class=\"elementor-widget-container\">\n\t\t\t<style>\/*! elementor - v3.11.1 - 15-02-2023 *\/\n.elementor-heading-title{padding:0;margin:0;line-height:1}.elementor-widget-heading .elementor-heading-title[class*=elementor-size-]>a{color:inherit;font-size:inherit;line-height:inherit}.elementor-widget-heading .elementor-heading-title.elementor-size-small{font-size:15px}.elementor-widget-heading .elementor-heading-title.elementor-size-medium{font-size:19px}.elementor-widget-heading .elementor-heading-title.elementor-size-large{font-size:29px}.elementor-widget-heading .elementor-heading-title.elementor-size-xl{font-size:39px}.elementor-widget-heading .elementor-heading-title.elementor-size-xxl{font-size:59px}<\/style><h2 class=\"elementor-heading-title elementor-size-default\">-<\/h2>\t\t<\/div>\n\t\t\t\t<\/div>\n\t\t\t\t<div class=\"elementor-element elementor-element-36368b2 elementor-widget elementor-widget-heading\" data-id=\"36368b2\" data-element_type=\"widget\" data-widget_type=\"heading.default\">\n\t\t\t\t<div class=\"elementor-widget-container\">\n\t\t\t<h1 class=\"elementor-heading-title elementor-size-xxl\">Quienes somos<br><br>\n\n<h4>Conoce a nuestros profesores<\/h1>\t\t<\/div>\n\t\t\t\t<\/div>\n\t\t\t\t<section class=\"elementor-section elementor-inner-section elementor-element elementor-element-4e4f7af animated-slow elementor-section-boxed elementor-section-height-default elementor-section-height-default elementor-invisible\" data-id=\"4e4f7af\" data-element_type=\"section\" data-settings=\"{&quot;animation&quot;:&quot;fadeInUp&quot;}\">\n\t\t\t\t\t\t<div class=\"elementor-container elementor-column-gap-extended\">\n\t\t\t\t\t<div class=\"elementor-column elementor-col-33 elementor-inner-column elementor-element elementor-element-04255bb\" data-id=\"04255bb\" data-element_type=\"column\">\n\t\t\t<div class=\"elementor-widget-wrap elementor-element-populated\">\n\t\t\t\t\t\t\t\t<div class=\"elementor-element elementor-element-221ccc9 elementor-widget elementor-widget-image\" data-id=\"221ccc9\" data-element_type=\"widget\" data-widget_type=\"image.default\">\n\t\t\t\t<div class=\"elementor-widget-container\">\n\t\t\t<style>\/*! elementor - v3.11.1 - 15-02-2023 *\/\n.elementor-widget-image{text-align:center}.elementor-widget-image a{display:inline-block}.elementor-widget-image a img[src$=\".svg\"]{width:48px}.elementor-widget-image img{vertical-align:middle;display:inline-block}<\/style>\t\t\t\t\t\t\t\t\t\t\t\t<img loading=\"lazy\" decoding=\"async\" width=\"220\" height=\"298\" src=\"https:\/\/neurosport.club\/wp-content\/uploads\/2023\/03\/IMG_1771.jpg\" class=\"attachment-large size-large wp-image-781\" alt=\"\" \/>\t\t\t\t\t\t\t\t\t\t\t\t\t\t\t<\/div>\n\t\t\t\t<\/div>\n\t\t\t\t\t<\/div>\n\t\t<\/div>\n\t\t\t\t<div class=\"elementor-column elementor-col-33 elementor-inner-column elementor-element elementor-element-ad33de5\" data-id=\"ad33de5\" data-element_type=\"column\">\n\t\t\t<div class=\"elementor-widget-wrap elementor-element-populated\">\n\t\t\t\t\t\t\t\t<div class=\"elementor-element elementor-element-3c8e1ca elementor-widget elementor-widget-image\" data-id=\"3c8e1ca\" data-element_type=\"widget\" data-widget_type=\"image.default\">\n\t\t\t\t<div class=\"elementor-widget-container\">\n\t\t\t\t\t\t\t\t\t\t\t\t\t\t\t<img loading=\"lazy\" decoding=\"async\" width=\"768\" height=\"1024\" src=\"https:\/\/neurosport.club\/wp-content\/uploads\/2023\/03\/cd33c0b6-ee3a-43e5-90a9-f7bb1ad5d79e.jpg\" class=\"attachment-medium_large size-medium_large wp-image-782\" alt=\"\" srcset=\"https:\/\/neurosport.club\/wp-content\/uploads\/2023\/03\/cd33c0b6-ee3a-43e5-90a9-f7bb1ad5d79e.jpg 768w, https:\/\/neurosport.club\/wp-content\/uploads\/2023\/03\/cd33c0b6-ee3a-43e5-90a9-f7bb1ad5d79e-225x300.jpg 225w\" sizes=\"auto, (max-width: 768px) 100vw, 768px\" \/>\t\t\t\t\t\t\t\t\t\t\t\t\t\t\t<\/div>\n\t\t\t\t<\/div>\n\t\t\t\t\t<\/div>\n\t\t<\/div>\n\t\t\t\t<div class=\"elementor-column elementor-col-33 elementor-inner-column elementor-element elementor-element-ccc1147\" data-id=\"ccc1147\" data-element_type=\"column\">\n\t\t\t<div class=\"elementor-widget-wrap elementor-element-populated\">\n\t\t\t\t\t\t\t\t<div class=\"elementor-element elementor-element-a317b0f elementor-widget elementor-widget-image\" data-id=\"a317b0f\" data-element_type=\"widget\" data-widget_type=\"image.default\">\n\t\t\t\t<div class=\"elementor-widget-container\">\n\t\t\t\t\t\t\t\t\t\t\t\t\t\t\t<img loading=\"lazy\" decoding=\"async\" width=\"350\" height=\"431\" src=\"https:\/\/neurosport.club\/wp-content\/uploads\/2023\/03\/WhatsApp-Image-2023-02-18-at-13.50.02.jpeg\" class=\"attachment-large size-large wp-image-783\" alt=\"\" srcset=\"https:\/\/neurosport.club\/wp-content\/uploads\/2023\/03\/WhatsApp-Image-2023-02-18-at-13.50.02.jpeg 350w, https:\/\/neurosport.club\/wp-content\/uploads\/2023\/03\/WhatsApp-Image-2023-02-18-at-13.50.02-244x300.jpeg 244w\" sizes=\"auto, (max-width: 350px) 100vw, 350px\" \/>\t\t\t\t\t\t\t\t\t\t\t\t\t\t\t<\/div>\n\t\t\t\t<\/div>\n\t\t\t\t\t<\/div>\n\t\t<\/div>\n\t\t\t\t\t\t\t<\/div>\n\t\t<\/section>\n\t\t\t\t<section class=\"elementor-section elementor-inner-section elementor-element elementor-element-f6b8c87 animated-slow elementor-section-boxed elementor-section-height-default elementor-section-height-default elementor-invisible\" data-id=\"f6b8c87\" data-element_type=\"section\" data-settings=\"{&quot;animation&quot;:&quot;fadeInUp&quot;}\">\n\t\t\t\t\t\t<div class=\"elementor-container elementor-column-gap-extended\">\n\t\t\t\t\t<div class=\"elementor-column elementor-col-33 elementor-inner-column elementor-element elementor-element-49a41e3\" data-id=\"49a41e3\" data-element_type=\"column\">\n\t\t\t<div class=\"elementor-widget-wrap elementor-element-populated\">\n\t\t\t\t\t\t\t\t<div class=\"elementor-element elementor-element-842cb8e elementor-widget elementor-widget-text-editor\" data-id=\"842cb8e\" data-element_type=\"widget\" data-widget_type=\"text-editor.default\">\n\t\t\t\t<div class=\"elementor-widget-container\">\n\t\t\t<style>\/*! elementor - v3.11.1 - 15-02-2023 *\/\n.elementor-widget-text-editor.elementor-drop-cap-view-stacked .elementor-drop-cap{background-color:#818a91;color:#fff}.elementor-widget-text-editor.elementor-drop-cap-view-framed .elementor-drop-cap{color:#818a91;border:3px solid;background-color:transparent}.elementor-widget-text-editor:not(.elementor-drop-cap-view-default) .elementor-drop-cap{margin-top:8px}.elementor-widget-text-editor:not(.elementor-drop-cap-view-default) .elementor-drop-cap-letter{width:1em;height:1em}.elementor-widget-text-editor .elementor-drop-cap{float:left;text-align:center;line-height:1;font-size:50px}.elementor-widget-text-editor .elementor-drop-cap-letter{display:inline-block}<\/style>\t\t\t\t<p><strong>Vanesa Arenas Comeron\u00a0<\/strong><\/p><p>Cintur\u00f3n Blanco Rojo 6\u00ba dan, Maestra nacional e internacional, Ol\u00edmpica en Sidney, Seleccionadora Nacional Cadete.<\/p>\t\t\t\t\t\t<\/div>\n\t\t\t\t<\/div>\n\t\t\t\t\t<\/div>\n\t\t<\/div>\n\t\t\t\t<div class=\"elementor-column elementor-col-33 elementor-inner-column elementor-element elementor-element-e0531d5\" data-id=\"e0531d5\" data-element_type=\"column\">\n\t\t\t<div class=\"elementor-widget-wrap elementor-element-populated\">\n\t\t\t\t\t\t\t\t<div class=\"elementor-element elementor-element-6fb9f31 elementor-widget elementor-widget-text-editor\" data-id=\"6fb9f31\" data-element_type=\"widget\" data-widget_type=\"text-editor.default\">\n\t\t\t\t<div class=\"elementor-widget-container\">\n\t\t\t\t\t\t\t<p><strong>Claudio Mohedano Beltr\u00e1n\u00a0<\/strong><\/p><p>Cintur\u00f3n negro 1\u00ba dan, Monitor Entrenador.<\/p>\t\t\t\t\t\t<\/div>\n\t\t\t\t<\/div>\n\t\t\t\t\t<\/div>\n\t\t<\/div>\n\t\t\t\t<div class=\"elementor-column elementor-col-33 elementor-inner-column elementor-element elementor-element-68e3fc2\" data-id=\"68e3fc2\" data-element_type=\"column\">\n\t\t\t<div class=\"elementor-widget-wrap elementor-element-populated\">\n\t\t\t\t\t\t\t\t<div class=\"elementor-element elementor-element-34fd073 elementor-widget elementor-widget-text-editor\" data-id=\"34fd073\" data-element_type=\"widget\" data-widget_type=\"text-editor.default\">\n\t\t\t\t<div class=\"elementor-widget-container\">\n\t\t\t\t\t\t\t<p>Claudio Mohedano Navarro<\/p><p>Cintur\u00f3n Blanco Rojo 6\u00ba dan. Maestro Entrenador Nacional.<\/p><p>\u00a0<\/p>\t\t\t\t\t\t<\/div>\n\t\t\t\t<\/div>\n\t\t\t\t\t<\/div>\n\t\t<\/div>\n\t\t\t\t\t\t\t<\/div>\n\t\t<\/section>\n\t\t\t\t\t<\/div>\n\t\t<\/div>\n\t\t\t\t\t\t\t<\/div>\n\t\t<\/section>\n\t\t\t\t<section class=\"elementor-section elementor-top-section elementor-element elementor-element-4dcb5f9 elementor-section-boxed elementor-section-height-default elementor-section-height-default\" data-id=\"4dcb5f9\" data-element_type=\"section\">\n\t\t\t\t\t\t<div class=\"elementor-container elementor-column-gap-default\">\n\t\t\t\t\t<div class=\"elementor-column elementor-col-100 elementor-top-column elementor-element elementor-element-6cdd87f\" data-id=\"6cdd87f\" data-element_type=\"column\">\n\t\t\t<div class=\"elementor-widget-wrap elementor-element-populated\">\n\t\t\t\t\t\t\t\t<div class=\"elementor-element elementor-element-94b0e8a elementor-widget elementor-widget-testimonial\" data-id=\"94b0e8a\" data-element_type=\"widget\" data-widget_type=\"testimonial.default\">\n\t\t\t\t<div class=\"elementor-widget-container\">\n\t\t\t<style>\/*! elementor - v3.11.1 - 15-02-2023 *\/\n.elementor-testimonial-wrapper{overflow:hidden;text-align:center}.elementor-testimonial-wrapper .elementor-testimonial-content{font-size:1.3em;margin-bottom:20px}.elementor-testimonial-wrapper .elementor-testimonial-name{line-height:1.5;display:block}.elementor-testimonial-wrapper .elementor-testimonial-job{font-size:.85em;display:block}.elementor-testimonial-wrapper .elementor-testimonial-meta{width:100%;line-height:1}.elementor-testimonial-wrapper .elementor-testimonial-meta-inner{display:inline-block}.elementor-testimonial-wrapper .elementor-testimonial-meta .elementor-testimonial-details,.elementor-testimonial-wrapper .elementor-testimonial-meta .elementor-testimonial-image{display:table-cell;vertical-align:middle}.elementor-testimonial-wrapper .elementor-testimonial-meta .elementor-testimonial-image img{width:60px;height:60px;border-radius:50%;-o-object-fit:cover;object-fit:cover;max-width:none}.elementor-testimonial-wrapper .elementor-testimonial-meta.elementor-testimonial-image-position-aside .elementor-testimonial-image{padding-right:15px}.elementor-testimonial-wrapper .elementor-testimonial-meta.elementor-testimonial-image-position-aside .elementor-testimonial-details{text-align:left}.elementor-testimonial-wrapper .elementor-testimonial-meta.elementor-testimonial-image-position-top .elementor-testimonial-details,.elementor-testimonial-wrapper .elementor-testimonial-meta.elementor-testimonial-image-position-top .elementor-testimonial-image{display:block}.elementor-testimonial-wrapper .elementor-testimonial-meta.elementor-testimonial-image-position-top .elementor-testimonial-image{margin-bottom:20px}<\/style>\t\t<div class=\"elementor-testimonial-wrapper\">\n\t\t\t\t\t\t\t<div class=\"elementor-testimonial-content\"><span style=\"font-size: 20.8px;\">NEUROSPORT es una asociaci\u00f3n tradicional orientada al entrenamiento profesional y de ocio. Nos alegramos por el \u00e9xito de nuestros equipos, pero tambi\u00e9n nos dedicamos a los grupos de aficionados que se encuentran simplemente para disfrutar del tiempo libre.<br>\nNo hacemos diferencias entre nuestros socios. Quien lo desee puede convertirse en miembro de la asociaci\u00f3n. Nuestros entrenadores se adaptan sin problemas a cada equipo, est\u00e1n cualificados y le asesorar\u00e1n con gusto acerca de nuestra oferta deportiva.<br>\nSiempre nos alegramos de recibir nuevos miembros interesados en participar en los acontecimientos de la asociaci\u00f3n, organizar actividades o excursiones y que se sientan bien en la comunidad<\/span><\/div>\n\t\t\t\n\t\t\t\t\t\t<div class=\"elementor-testimonial-meta elementor-has-image elementor-testimonial-image-position-aside\">\n\t\t\t\t<div class=\"elementor-testimonial-meta-inner\">\n\t\t\t\t\t\t\t\t\t\t\t<div class=\"elementor-testimonial-image\">\n\t\t\t\t\t\t\t<img loading=\"lazy\" decoding=\"async\" width=\"507\" height=\"500\" src=\"https:\/\/neurosport.club\/wp-content\/uploads\/2023\/02\/WhatsApp-Image-2023-02-16-at-19.25.00logo.png\" class=\"attachment-1536x1536 size-1536x1536 wp-image-727\" alt=\"\" srcset=\"https:\/\/neurosport.club\/wp-content\/uploads\/2023\/02\/WhatsApp-Image-2023-02-16-at-19.25.00logo.png 507w, https:\/\/neurosport.club\/wp-content\/uploads\/2023\/02\/WhatsApp-Image-2023-02-16-at-19.25.00logo-300x296.png 300w\" sizes=\"auto, (max-width: 507px) 100vw, 507px\" \/>\t\t\t\t\t\t<\/div>\n\t\t\t\t\t\n\t\t\t\t\t\t\t\t\t\t<div class=\"elementor-testimonial-details\">\n\t\t\t\t\t\t\t\t\t\t\t\t\t\t<div class=\"elementor-testimonial-name\">Neurosport<\/div>\n\t\t\t\t\t\t\t\t\t\t\t\t\t\t\t\t\t\t\t\t\t\t<div class=\"elementor-testimonial-job\">Experiencia, Confianza.<\/div>\n\t\t\t\t\t\t\t\t\t\t\t\t\t<\/div>\n\t\t\t\t\t\t\t\t\t<\/div>\n\t\t\t<\/div>\n\t\t\t\t\t<\/div>\n\t\t\t\t<\/div>\n\t\t\t\t<\/div>\n\t\t\t\t\t<\/div>\n\t\t<\/div>\n\t\t\t\t\t\t\t<\/div>\n\t\t<\/section>\n\t\t\t\t\t\t\t<\/div>\n\t\t","protected":false},"excerpt":{"rendered":"<p>&#8211; Quienes somos Conoce a nuestros profesores Vanesa Arenas Comeron\u00a0 Cintur\u00f3n Blanco Rojo 6\u00ba dan, Maestra nacional e internacional, Ol\u00edmpica en Sidney, Seleccionadora Nacional Cadete. Claudio Mohedano Beltr\u00e1n\u00a0 Cintur\u00f3n negro 1\u00ba dan, Monitor Entrenador. Claudio Mohedano Navarro Cintur\u00f3n Blanco Rojo 6\u00ba dan. Maestro Entrenador Nacional. \u00a0 NEUROSPORT es una asociaci\u00f3n tradicional orientada al entrenamiento profesional &hellip;<\/p>\n<p class=\"read-more\"> <a class=\"\" href=\"https:\/\/neurosport.club\/index.php\/elementor-769\/\"> <span class=\"screen-reader-text\">Quienes somos<\/span> Leer m\u00e1s &raquo;<\/a><\/p>\n","protected":false},"author":1,"featured_media":0,"parent":0,"menu_order":0,"comment_status":"closed","ping_status":"closed","template":"","meta":{"site-sidebar-layout":"no-sidebar","site-content-layout":"page-builder","ast-global-header-display":"","ast-main-header-display":"","ast-hfb-above-header-display":"","ast-hfb-below-header-display":"","ast-hfb-mobile-header-display":"","site-post-title":"disabled","ast-breadcrumbs-content":"","ast-featured-img":"disabled","footer-sml-layout":"","theme-transparent-header-meta":"","adv-header-id-meta":"","stick-header-meta":"","header-above-stick-meta":"","header-main-stick-meta":"","header-below-stick-meta":"","footnotes":""},"class_list":["post-769","page","type-page","status-publish","hentry"],"yoast_head":"<!-- This site is optimized with the Yoast SEO plugin v20.1 - https:\/\/yoast.com\/wordpress\/plugins\/seo\/ -->\n<title>Quienes somos - Neurosport<\/title>\n<meta name=\"robots\" content=\"index, follow, max-snippet:-1, max-image-preview:large, max-video-preview:-1\" \/>\n<link rel=\"canonical\" href=\"https:\/\/neurosport.club\/index.php\/elementor-769\/\" \/>\n<meta property=\"og:locale\" content=\"es_ES\" \/>\n<meta property=\"og:type\" content=\"article\" \/>\n<meta property=\"og:title\" content=\"Quienes somos - Neurosport\" \/>\n<meta property=\"og:description\" content=\"&#8211; Quienes somos Conoce a nuestros profesores Vanesa Arenas Comeron\u00a0 Cintur\u00f3n Blanco Rojo 6\u00ba dan, Maestra nacional e internacional, Ol\u00edmpica en Sidney, Seleccionadora Nacional Cadete. Claudio Mohedano Beltr\u00e1n\u00a0 Cintur\u00f3n negro 1\u00ba dan, Monitor Entrenador. Claudio Mohedano Navarro Cintur\u00f3n Blanco Rojo 6\u00ba dan. Maestro Entrenador Nacional. \u00a0 NEUROSPORT es una asociaci\u00f3n tradicional orientada al entrenamiento profesional &hellip; Quienes somos Leer m\u00e1s &raquo;\" \/>\n<meta property=\"og:url\" content=\"https:\/\/neurosport.club\/index.php\/elementor-769\/\" \/>\n<meta property=\"og:site_name\" content=\"Neurosport\" \/>\n<meta property=\"article:modified_time\" content=\"2023-10-16T15:09:13+00:00\" \/>\n<meta property=\"og:image\" content=\"https:\/\/neurosport.club\/wp-content\/uploads\/2023\/03\/IMG_1771.jpg\" \/>\n<meta name=\"twitter:card\" content=\"summary_large_image\" \/>\n<meta name=\"twitter:label1\" content=\"Tiempo de lectura\" \/>\n\t<meta name=\"twitter:data1\" content=\"2 minutos\" \/>\n<script type=\"application\/ld+json\" class=\"yoast-schema-graph\">{\"@context\":\"https:\/\/schema.org\",\"@graph\":[{\"@type\":\"WebPage\",\"@id\":\"https:\/\/neurosport.club\/index.php\/elementor-769\/\",\"url\":\"https:\/\/neurosport.club\/index.php\/elementor-769\/\",\"name\":\"Quienes somos - Neurosport\",\"isPartOf\":{\"@id\":\"https:\/\/neurosport.club\/#website\"},\"datePublished\":\"2023-03-02T20:09:29+00:00\",\"dateModified\":\"2023-10-16T15:09:13+00:00\",\"breadcrumb\":{\"@id\":\"https:\/\/neurosport.club\/index.php\/elementor-769\/#breadcrumb\"},\"inLanguage\":\"es\",\"potentialAction\":[{\"@type\":\"ReadAction\",\"target\":[\"https:\/\/neurosport.club\/index.php\/elementor-769\/\"]}]},{\"@type\":\"BreadcrumbList\",\"@id\":\"https:\/\/neurosport.club\/index.php\/elementor-769\/#breadcrumb\",\"itemListElement\":[{\"@type\":\"ListItem\",\"position\":1,\"name\":\"Portada\",\"item\":\"https:\/\/neurosport.club\/\"},{\"@type\":\"ListItem\",\"position\":2,\"name\":\"Quienes somos\"}]},{\"@type\":\"WebSite\",\"@id\":\"https:\/\/neurosport.club\/#website\",\"url\":\"https:\/\/neurosport.club\/\",\"name\":\"Neurosport\",\"description\":\"Club Neurosport\",\"publisher\":{\"@id\":\"https:\/\/neurosport.club\/#organization\"},\"potentialAction\":[{\"@type\":\"SearchAction\",\"target\":{\"@type\":\"EntryPoint\",\"urlTemplate\":\"https:\/\/neurosport.club\/?s={search_term_string}\"},\"query-input\":\"required name=search_term_string\"}],\"inLanguage\":\"es\"},{\"@type\":\"Organization\",\"@id\":\"https:\/\/neurosport.club\/#organization\",\"name\":\"Neurosport\",\"url\":\"https:\/\/neurosport.club\/\",\"logo\":{\"@type\":\"ImageObject\",\"inLanguage\":\"es\",\"@id\":\"https:\/\/neurosport.club\/#\/schema\/logo\/image\/\",\"url\":\"https:\/\/neurosport.club\/wp-content\/uploads\/2023\/02\/cropped-WhatsApp-Image-2023-02-16-at-19.25.00.png\",\"contentUrl\":\"https:\/\/neurosport.club\/wp-content\/uploads\/2023\/02\/cropped-WhatsApp-Image-2023-02-16-at-19.25.00.png\",\"width\":1264,\"height\":1248,\"caption\":\"Neurosport\"},\"image\":{\"@id\":\"https:\/\/neurosport.club\/#\/schema\/logo\/image\/\"},\"sameAs\":[\"https:\/\/www.instagram.com\/neurosportclub\/\"]}]}<\/script>\n<!-- \/ Yoast SEO plugin. -->","yoast_head_json":{"title":"Quienes somos - Neurosport","robots":{"index":"index","follow":"follow","max-snippet":"max-snippet:-1","max-image-preview":"max-image-preview:large","max-video-preview":"max-video-preview:-1"},"canonical":"https:\/\/neurosport.club\/index.php\/elementor-769\/","og_locale":"es_ES","og_type":"article","og_title":"Quienes somos - Neurosport","og_description":"&#8211; Quienes somos Conoce a nuestros profesores Vanesa Arenas Comeron\u00a0 Cintur\u00f3n Blanco Rojo 6\u00ba dan, Maestra nacional e internacional, Ol\u00edmpica en Sidney, Seleccionadora Nacional Cadete. Claudio Mohedano Beltr\u00e1n\u00a0 Cintur\u00f3n negro 1\u00ba dan, Monitor Entrenador. Claudio Mohedano Navarro Cintur\u00f3n Blanco Rojo 6\u00ba dan. Maestro Entrenador Nacional. \u00a0 NEUROSPORT es una asociaci\u00f3n tradicional orientada al entrenamiento profesional &hellip; Quienes somos Leer m\u00e1s &raquo;","og_url":"https:\/\/neurosport.club\/index.php\/elementor-769\/","og_site_name":"Neurosport","article_modified_time":"2023-10-16T15:09:13+00:00","og_image":[{"url":"https:\/\/neurosport.club\/wp-content\/uploads\/2023\/03\/IMG_1771.jpg"}],"twitter_card":"summary_large_image","twitter_misc":{"Tiempo de lectura":"2 minutos"},"schema":{"@context":"https:\/\/schema.org","@graph":[{"@type":"WebPage","@id":"https:\/\/neurosport.club\/index.php\/elementor-769\/","url":"https:\/\/neurosport.club\/index.php\/elementor-769\/","name":"Quienes somos - Neurosport","isPartOf":{"@id":"https:\/\/neurosport.club\/#website"},"datePublished":"2023-03-02T20:09:29+00:00","dateModified":"2023-10-16T15:09:13+00:00","breadcrumb":{"@id":"https:\/\/neurosport.club\/index.php\/elementor-769\/#breadcrumb"},"inLanguage":"es","potentialAction":[{"@type":"ReadAction","target":["https:\/\/neurosport.club\/index.php\/elementor-769\/"]}]},{"@type":"BreadcrumbList","@id":"https:\/\/neurosport.club\/index.php\/elementor-769\/#breadcrumb","itemListElement":[{"@type":"ListItem","position":1,"name":"Portada","item":"https:\/\/neurosport.club\/"},{"@type":"ListItem","position":2,"name":"Quienes somos"}]},{"@type":"WebSite","@id":"https:\/\/neurosport.club\/#website","url":"https:\/\/neurosport.club\/","name":"Neurosport","description":"Club Neurosport","publisher":{"@id":"https:\/\/neurosport.club\/#organization"},"potentialAction":[{"@type":"SearchAction","target":{"@type":"EntryPoint","urlTemplate":"https:\/\/neurosport.club\/?s={search_term_string}"},"query-input":"required name=search_term_string"}],"inLanguage":"es"},{"@type":"Organization","@id":"https:\/\/neurosport.club\/#organization","name":"Neurosport","url":"https:\/\/neurosport.club\/","logo":{"@type":"ImageObject","inLanguage":"es","@id":"https:\/\/neurosport.club\/#\/schema\/logo\/image\/","url":"https:\/\/neurosport.club\/wp-content\/uploads\/2023\/02\/cropped-WhatsApp-Image-2023-02-16-at-19.25.00.png","contentUrl":"https:\/\/neurosport.club\/wp-content\/uploads\/2023\/02\/cropped-WhatsApp-Image-2023-02-16-at-19.25.00.png","width":1264,"height":1248,"caption":"Neurosport"},"image":{"@id":"https:\/\/neurosport.club\/#\/schema\/logo\/image\/"},"sameAs":["https:\/\/www.instagram.com\/neurosportclub\/"]}]}},"_links":{"self":[{"href":"https:\/\/neurosport.club\/index.php\/wp-json\/wp\/v2\/pages\/769","targetHints":{"allow":["GET"]}}],"collection":[{"href":"https:\/\/neurosport.club\/index.php\/wp-json\/wp\/v2\/pages"}],"about":[{"href":"https:\/\/neurosport.club\/index.php\/wp-json\/wp\/v2\/types\/page"}],"author":[{"embeddable":true,"href":"https:\/\/neurosport.club\/index.php\/wp-json\/wp\/v2\/users\/1"}],"replies":[{"embeddable":true,"href":"https:\/\/neurosport.club\/index.php\/wp-json\/wp\/v2\/comments?post=769"}],"version-history":[{"count":25,"href":"https:\/\/neurosport.club\/index.php\/wp-json\/wp\/v2\/pages\/769\/revisions"}],"predecessor-version":[{"id":1017,"href":"https:\/\/neurosport.club\/index.php\/wp-json\/wp\/v2\/pages\/769\/revisions\/1017"}],"wp:attachment":[{"href":"https:\/\/neurosport.club\/index.php\/wp-json\/wp\/v2\/media?parent=769"}],"curies":[{"name":"wp","href":"https:\/\/api.w.org\/{rel}","templated":true}]}}