{"id":3,"date":"2023-02-13T09:34:11","date_gmt":"2023-02-13T09:34:11","guid":{"rendered":"https:\/\/neurosport.club\/?page_id=3"},"modified":"2023-02-20T18:03:48","modified_gmt":"2023-02-20T18:03:48","slug":"privacy-policy","status":"publish","type":"page","link":"https:\/\/neurosport.club\/index.php\/privacy-policy\/","title":{"rendered":"Pol\u00edtica de privacidad"},"content":{"rendered":"\n<p>En cumplimiento del articulo 10 de la Ley 34\/2002, del 11 de julio, de servicios de la Sociedad de la Informaci\u00f3n y Comercio Electronico (LSSICE) se exponen a continuaci\u00f3n los datos identificativos de la empresa.<\/p>\n\n\n\n<p>En cumplimiento de la LO 15\/1999, de 13 de diciembre, de Protecci\u00f3n de Datos de Car\u00e1cter Personal, asi como el Reglamento (UE) del Parlamento<\/p>\n\n\n\n<p>Europeo y del Consejo de 27 de abril de 2016, le informamos que los datos de car\u00e1cter personal que sean recabados de Ud. ser\u00e1n incorporades en un<\/p>\n\n\n\n<p>fichero cuyo titulares Claudio Mohedano Navarro NLF. G-54989736, y domicilio social en Pda. Aqualojas 74, 03600 Elda (Alicante) El tratamiento encuentra su base legal en el consentimiento prestado por Ud al clicar en la casilla \u00abAcepto la Politica de Privacidad, y en consecuencia, acepta que la recogida de los mismos tenga las siguientes finalidades: Gesti\u00f3n de los usuarios del Website: Gesti\u00f3n de solicitudes de informaci\u00f3n a trav\u00e9s del formulario de contacto; Gesti\u00f3n de los servicios ofrecidos a trav\u00e9s del Website Gesti\u00f3n para la aplicaci\u00f3n de descuentos, ofertas, regalos y env\u00edo de informaci\u00f3n comercial, en caso de rellenar formularios Club Neurosport<\/p>\n\n\n\n<p>Le informamos que puede ejercitar los derechos de acceso, rectificaci\u00f3n, supresi\u00f3n limitaci\u00f3n, portabilidad, oposici\u00f3n, a presentar una reclamaci\u00f3n ante una autoridad de control, y retirar el consentimiento en cualquier momento, a trav\u00e9s de carta, adjuntando fotocopia de su NIF\/NIE\/Pasaporte a la direcci\u00f3n postal amba indicada; (Advertencia: hasta la entrada en vigor del Reglamento (25 de mayo 2018), s\u00f3lo podr\u00e1n ser ejercitados los derechos de acceso rectificaci\u00f3n, cancelaci\u00f3n y oposici\u00f3n)<\/p>\n\n\n\n<p>El plazo durante el cual se conservar\u00e1n sus datos personales ser\u00e1 de dos anos, todo ello sin perjuicio de poder ejercitar el derecho de cancelaci\u00f3n<\/p>\n\n\n\n<p>Este sitio web ha sido creado por la empresa NEUROSPORT con car\u00e1cter informativo y para uso personal de los usuarios. A trav\u00e9s de este Aviso legal, se pretende regular el acceso y uso de este sitio web, as\u00ed como la relaci\u00f3n entre el sitio web y sus usuarios. Accediendo a este sitio web se aceptan los siguientes t\u00e9rminos y condiciones. El acceso a este sitio web es responsabilidad exclusiva de los usuarios.<\/p>\n\n\n\n<p>El simple acceso a este sitio web no supone entablar ning\u00fan tipo de relaci\u00f3n comercial entre NEUROSPORT y el usuario.<\/p>\n\n\n\n<p>El acceso y la navegaci\u00f3n en este sitio web supone aceptar y conocer las advertencias legales, condiciones y t\u00e9rminos de uso contenidas en ella<\/p>\n\n\n\n<p>El titular del sitio web puede ofrecer servicios o productos que podr\u00e1n encontrarse sometidos a unas condiciones particulares propias que, seg\u00fan los casos, sustituyan, completen y\/o modifiquen las presentes condiciones, y sobre las cuales se informar\u00e1 al usuario en cada caso concreto.<\/p>\n","protected":false},"excerpt":{"rendered":"<p>En cumplimiento del articulo 10 de la Ley 34\/2002, del 11 de julio, de servicios de la Sociedad de la Informaci\u00f3n y Comercio Electronico (LSSICE) se exponen a continuaci\u00f3n los datos identificativos de la empresa. En cumplimiento de la LO 15\/1999, de 13 de diciembre, de Protecci\u00f3n de Datos de Car\u00e1cter Personal, asi como el &hellip;<\/p>\n<p class=\"read-more\"> <a class=\"\" href=\"https:\/\/neurosport.club\/index.php\/privacy-policy\/\"> <span class=\"screen-reader-text\">Pol\u00edtica de privacidad<\/span> Leer m\u00e1s &raquo;<\/a><\/p>\n","protected":false},"author":1,"featured_media":0,"parent":0,"menu_order":0,"comment_status":"closed","ping_status":"open","template":"","meta":{"site-sidebar-layout":"default","site-content-layout":"default","ast-global-header-display":"","ast-main-header-display":"","ast-hfb-above-header-display":"","ast-hfb-below-header-display":"","ast-hfb-mobile-header-display":"","site-post-title":"","ast-breadcrumbs-content":"","ast-featured-img":"","footer-sml-layout":"","theme-transparent-header-meta":"","adv-header-id-meta":"","stick-header-meta":"","header-above-stick-meta":"","header-main-stick-meta":"","header-below-stick-meta":"","footnotes":""},"class_list":["post-3","page","type-page","status-publish","hentry"],"yoast_head":"<!-- This site is optimized with the Yoast SEO plugin v20.1 - https:\/\/yoast.com\/wordpress\/plugins\/seo\/ -->\n<title>Pol\u00edtica de privacidad - Neurosport<\/title>\n<meta name=\"robots\" content=\"index, follow, max-snippet:-1, max-image-preview:large, max-video-preview:-1\" \/>\n<link rel=\"canonical\" href=\"https:\/\/neurosport.club\/index.php\/privacy-policy\/\" \/>\n<meta property=\"og:locale\" content=\"es_ES\" \/>\n<meta property=\"og:type\" content=\"article\" \/>\n<meta property=\"og:title\" content=\"Pol\u00edtica de privacidad - Neurosport\" \/>\n<meta property=\"og:description\" content=\"En cumplimiento del articulo 10 de la Ley 34\/2002, del 11 de julio, de servicios de la Sociedad de la Informaci\u00f3n y Comercio Electronico (LSSICE) se exponen a continuaci\u00f3n los datos identificativos de la empresa. En cumplimiento de la LO 15\/1999, de 13 de diciembre, de Protecci\u00f3n de Datos de Car\u00e1cter Personal, asi como el &hellip; Pol\u00edtica de privacidad Leer m\u00e1s &raquo;\" \/>\n<meta property=\"og:url\" content=\"https:\/\/neurosport.club\/index.php\/privacy-policy\/\" \/>\n<meta property=\"og:site_name\" content=\"Neurosport\" \/>\n<meta property=\"article:modified_time\" content=\"2023-02-20T18:03:48+00:00\" \/>\n<meta name=\"twitter:card\" content=\"summary_large_image\" \/>\n<meta name=\"twitter:label1\" content=\"Tiempo de lectura\" \/>\n\t<meta name=\"twitter:data1\" content=\"3 minutos\" \/>\n<script type=\"application\/ld+json\" class=\"yoast-schema-graph\">{\"@context\":\"https:\/\/schema.org\",\"@graph\":[{\"@type\":\"WebPage\",\"@id\":\"https:\/\/neurosport.club\/index.php\/privacy-policy\/\",\"url\":\"https:\/\/neurosport.club\/index.php\/privacy-policy\/\",\"name\":\"Pol\u00edtica de privacidad - Neurosport\",\"isPartOf\":{\"@id\":\"https:\/\/neurosport.club\/#website\"},\"datePublished\":\"2023-02-13T09:34:11+00:00\",\"dateModified\":\"2023-02-20T18:03:48+00:00\",\"breadcrumb\":{\"@id\":\"https:\/\/neurosport.club\/index.php\/privacy-policy\/#breadcrumb\"},\"inLanguage\":\"es\",\"potentialAction\":[{\"@type\":\"ReadAction\",\"target\":[\"https:\/\/neurosport.club\/index.php\/privacy-policy\/\"]}]},{\"@type\":\"BreadcrumbList\",\"@id\":\"https:\/\/neurosport.club\/index.php\/privacy-policy\/#breadcrumb\",\"itemListElement\":[{\"@type\":\"ListItem\",\"position\":1,\"name\":\"Portada\",\"item\":\"https:\/\/neurosport.club\/\"},{\"@type\":\"ListItem\",\"position\":2,\"name\":\"Pol\u00edtica de privacidad\"}]},{\"@type\":\"WebSite\",\"@id\":\"https:\/\/neurosport.club\/#website\",\"url\":\"https:\/\/neurosport.club\/\",\"name\":\"Neurosport\",\"description\":\"Club Neurosport\",\"publisher\":{\"@id\":\"https:\/\/neurosport.club\/#organization\"},\"potentialAction\":[{\"@type\":\"SearchAction\",\"target\":{\"@type\":\"EntryPoint\",\"urlTemplate\":\"https:\/\/neurosport.club\/?s={search_term_string}\"},\"query-input\":\"required name=search_term_string\"}],\"inLanguage\":\"es\"},{\"@type\":\"Organization\",\"@id\":\"https:\/\/neurosport.club\/#organization\",\"name\":\"Neurosport\",\"url\":\"https:\/\/neurosport.club\/\",\"logo\":{\"@type\":\"ImageObject\",\"inLanguage\":\"es\",\"@id\":\"https:\/\/neurosport.club\/#\/schema\/logo\/image\/\",\"url\":\"https:\/\/neurosport.club\/wp-content\/uploads\/2023\/02\/cropped-WhatsApp-Image-2023-02-16-at-19.25.00.png\",\"contentUrl\":\"https:\/\/neurosport.club\/wp-content\/uploads\/2023\/02\/cropped-WhatsApp-Image-2023-02-16-at-19.25.00.png\",\"width\":1264,\"height\":1248,\"caption\":\"Neurosport\"},\"image\":{\"@id\":\"https:\/\/neurosport.club\/#\/schema\/logo\/image\/\"},\"sameAs\":[\"https:\/\/www.instagram.com\/neurosportclub\/\"]}]}<\/script>\n<!-- \/ Yoast SEO plugin. -->","yoast_head_json":{"title":"Pol\u00edtica de privacidad - Neurosport","robots":{"index":"index","follow":"follow","max-snippet":"max-snippet:-1","max-image-preview":"max-image-preview:large","max-video-preview":"max-video-preview:-1"},"canonical":"https:\/\/neurosport.club\/index.php\/privacy-policy\/","og_locale":"es_ES","og_type":"article","og_title":"Pol\u00edtica de privacidad - Neurosport","og_description":"En cumplimiento del articulo 10 de la Ley 34\/2002, del 11 de julio, de servicios de la Sociedad de la Informaci\u00f3n y Comercio Electronico (LSSICE) se exponen a continuaci\u00f3n los datos identificativos de la empresa. En cumplimiento de la LO 15\/1999, de 13 de diciembre, de Protecci\u00f3n de Datos de Car\u00e1cter Personal, asi como el &hellip; Pol\u00edtica de privacidad Leer m\u00e1s &raquo;","og_url":"https:\/\/neurosport.club\/index.php\/privacy-policy\/","og_site_name":"Neurosport","article_modified_time":"2023-02-20T18:03:48+00:00","twitter_card":"summary_large_image","twitter_misc":{"Tiempo de lectura":"3 minutos"},"schema":{"@context":"https:\/\/schema.org","@graph":[{"@type":"WebPage","@id":"https:\/\/neurosport.club\/index.php\/privacy-policy\/","url":"https:\/\/neurosport.club\/index.php\/privacy-policy\/","name":"Pol\u00edtica de privacidad - Neurosport","isPartOf":{"@id":"https:\/\/neurosport.club\/#website"},"datePublished":"2023-02-13T09:34:11+00:00","dateModified":"2023-02-20T18:03:48+00:00","breadcrumb":{"@id":"https:\/\/neurosport.club\/index.php\/privacy-policy\/#breadcrumb"},"inLanguage":"es","potentialAction":[{"@type":"ReadAction","target":["https:\/\/neurosport.club\/index.php\/privacy-policy\/"]}]},{"@type":"BreadcrumbList","@id":"https:\/\/neurosport.club\/index.php\/privacy-policy\/#breadcrumb","itemListElement":[{"@type":"ListItem","position":1,"name":"Portada","item":"https:\/\/neurosport.club\/"},{"@type":"ListItem","position":2,"name":"Pol\u00edtica de privacidad"}]},{"@type":"WebSite","@id":"https:\/\/neurosport.club\/#website","url":"https:\/\/neurosport.club\/","name":"Neurosport","description":"Club Neurosport","publisher":{"@id":"https:\/\/neurosport.club\/#organization"},"potentialAction":[{"@type":"SearchAction","target":{"@type":"EntryPoint","urlTemplate":"https:\/\/neurosport.club\/?s={search_term_string}"},"query-input":"required name=search_term_string"}],"inLanguage":"es"},{"@type":"Organization","@id":"https:\/\/neurosport.club\/#organization","name":"Neurosport","url":"https:\/\/neurosport.club\/","logo":{"@type":"ImageObject","inLanguage":"es","@id":"https:\/\/neurosport.club\/#\/schema\/logo\/image\/","url":"https:\/\/neurosport.club\/wp-content\/uploads\/2023\/02\/cropped-WhatsApp-Image-2023-02-16-at-19.25.00.png","contentUrl":"https:\/\/neurosport.club\/wp-content\/uploads\/2023\/02\/cropped-WhatsApp-Image-2023-02-16-at-19.25.00.png","width":1264,"height":1248,"caption":"Neurosport"},"image":{"@id":"https:\/\/neurosport.club\/#\/schema\/logo\/image\/"},"sameAs":["https:\/\/www.instagram.com\/neurosportclub\/"]}]}},"_links":{"self":[{"href":"https:\/\/neurosport.club\/index.php\/wp-json\/wp\/v2\/pages\/3","targetHints":{"allow":["GET"]}}],"collection":[{"href":"https:\/\/neurosport.club\/index.php\/wp-json\/wp\/v2\/pages"}],"about":[{"href":"https:\/\/neurosport.club\/index.php\/wp-json\/wp\/v2\/types\/page"}],"author":[{"embeddable":true,"href":"https:\/\/neurosport.club\/index.php\/wp-json\/wp\/v2\/users\/1"}],"replies":[{"embeddable":true,"href":"https:\/\/neurosport.club\/index.php\/wp-json\/wp\/v2\/comments?post=3"}],"version-history":[{"count":1,"href":"https:\/\/neurosport.club\/index.php\/wp-json\/wp\/v2\/pages\/3\/revisions"}],"predecessor-version":[{"id":690,"href":"https:\/\/neurosport.club\/index.php\/wp-json\/wp\/v2\/pages\/3\/revisions\/690"}],"wp:attachment":[{"href":"https:\/\/neurosport.club\/index.php\/wp-json\/wp\/v2\/media?parent=3"}],"curies":[{"name":"wp","href":"https:\/\/api.w.org\/{rel}","templated":true}]}}